{"id":2784,"date":"2024-02-08T13:55:43","date_gmt":"2024-02-08T13:55:43","guid":{"rendered":"https:\/\/www.novakidschool.com\/ro\/blog\/?page_id=2784"},"modified":"2024-02-08T13:56:03","modified_gmt":"2024-02-08T13:56:03","slug":"parent-form","status":"publish","type":"page","link":"https:\/\/www.novakidschool.com\/ro\/blog\/parent-form\/","title":{"rendered":"E\u0219ti p\u0103rinte \u0219i vrei s\u0103 \u00eemp\u0103rt\u0103\u0219e\u0219ti experien\u021ba ta?"},"content":{"rendered":"\t<section class=\"section pageParentForm\" id=\"blogHeadingText-block_33d6bc93c2330fea8bbe17d8b771dfe1\">\n\t\t<div class=\"pageParentForm__wrapper\">\n\t\t\t<img decoding=\"async\" src=\"https:\/\/www.novakidschool.com\/ro\/blog\/wp-content\/themes\/novakid\/public\/img\/parent\/prop-left.svg\" alt=\"\" aria-hidden=\"true\"\n\t\t\t\t class=\"pageParentForm__prop pageParentForm__prop--left style-svg\">\n\t\t\t<img decoding=\"async\" src=\"https:\/\/www.novakidschool.com\/ro\/blog\/wp-content\/themes\/novakid\/public\/img\/parent\/prop-right.svg\" alt=\"\" aria-hidden=\"true\"\n\t\t\t\t class=\"pageParentForm__prop pageParentForm__prop--right style-svg\">\n\t\t\t<img decoding=\"async\" src=\"https:\/\/www.novakidschool.com\/ro\/blog\/wp-content\/themes\/novakid\/public\/img\/parent\/doodle-left.svg\" alt=\"\" aria-hidden=\"true\"\n\t\t\t\t class=\"pageParentForm__prop pageParentForm__prop--doodleLeft style-svg\">\n\t\t\t<img decoding=\"async\" src=\"https:\/\/www.novakidschool.com\/ro\/blog\/wp-content\/themes\/novakid\/public\/img\/parent\/doodle-middle.svg\" alt=\"\" aria-hidden=\"true\"\n\t\t\t\t class=\"pageParentForm__prop pageParentForm__prop--doodleMiddle style-svg\">\n\t\t\t<img decoding=\"async\" src=\"https:\/\/www.novakidschool.com\/ro\/blog\/wp-content\/themes\/novakid\/public\/img\/parent\/doodle-right.svg\" alt=\"\" aria-hidden=\"true\"\n\t\t\t\t class=\"pageParentForm__prop pageParentForm__prop--doodleRight style-svg\">\n\t\t\t<div class=\"pageParentForm__helper\">\n\t\t\t\t<div class=\"pageParentForm__content\">\n\t\t\t\t\t<div class=\"pageParentForm__heading\">\n\t\t\t\t\t\t<h1 class=\"pageParentForm__headingItem\">\n\t\t\t\t\t\t\tE\u0219ti p\u0103rinte \u0219i vrei s\u0103 \u00eemp\u0103rt\u0103\u0219e\u0219ti experien\u021ba ta?\t\t\t\t\t\t<\/h1>\n\t\t\t\t\t<\/div>\n\t\t\t\t\t<div class=\"pageParentForm__text\">\n\t\t\t\t\t\t<p>Novakid te invit\u0103 s\u0103 devii scriitor \u0219i colaborator al blogului nostru. Pre\u021buim experien\u021ba \u0219i cuno\u0219tin\u021bele tale \u0219i am dori s\u0103 \u00ee\u021bi oferim un loc unde le po\u021bi \u00eemp\u0103rt\u0103\u0219i \u00een cadrul blogului Novakid. Editorii no\u0219tri \u00ee\u021bi vor comunica orice modific\u0103ri sunt aduse textului t\u0103u. Deoarece scrisul pentru un blog destinat p\u0103rin\u021bilor \u00eenseamn\u0103 timp, oferim compensa\u021bie pentru fiecare articol publicat.<\/p>\n\t\t\t\t\t<\/div>\n\t\t\t\t\t<div class=\"pageParentForm__form\">\n\t\t\t\t\t\t\n<div class=\"wpcf7 no-js\" id=\"wpcf7-f2783-o1\" lang=\"en-US\" dir=\"ltr\" data-wpcf7-id=\"2783\">\n<div class=\"screen-reader-response\"><p role=\"status\" aria-live=\"polite\" aria-atomic=\"true\"><\/p> <ul><\/ul><\/div>\n<form action=\"\/ro\/blog\/wp-json\/wp\/v2\/pages\/2784#wpcf7-f2783-o1\" method=\"post\" class=\"wpcf7-form init\" aria-label=\"Contact form\" novalidate=\"novalidate\" data-status=\"init\">\n<fieldset class=\"hidden-fields-container\"><input type=\"hidden\" name=\"_wpcf7\" value=\"2783\" \/><input type=\"hidden\" name=\"_wpcf7_version\" value=\"6.1.5\" \/><input type=\"hidden\" name=\"_wpcf7_locale\" value=\"en_US\" \/><input type=\"hidden\" name=\"_wpcf7_unit_tag\" value=\"wpcf7-f2783-o1\" \/><input type=\"hidden\" name=\"_wpcf7_container_post\" value=\"0\" \/><input type=\"hidden\" name=\"_wpcf7_posted_data_hash\" value=\"\" \/><input type=\"hidden\" name=\"_wpcf7_recaptcha_response\" value=\"\" \/>\n<\/fieldset>\n<div class=\"pageParentForm__formBox\">\n<input class=\"wpcf7-form-control wpcf7-hidden\" value=\"article\" type=\"hidden\" name=\"placement\" \/>\n\t\t\t\t\t\t\t<div class=\"pageParentForm__formRow\">\n\t\t\t\t\t\t\t\t<div class=\"pageParentForm__formField\">\n\t\t\t\t\t\t\t\t\t<label for=\"\" class=\"pageParentForm__formLabel\">\n\t\t\t\t\t\t\t\t\t\t1. Care a fost problema\/ situa\u021bia cu care te-ai confruntat?\n\t\t\t\t\t\t\t\t\t\t<span class=\"wpcf7-form-control-wrap\" data-name=\"form-question-1\"><textarea cols=\"40\" rows=\"3\" maxlength=\"2000\" class=\"wpcf7-form-control wpcf7-textarea wpcf7-validates-as-required\" aria-required=\"true\" aria-invalid=\"false\" placeholder=\"R\u0103spunsul t\u0103u aici\" name=\"form-question-1\"><\/textarea><\/span>\n\t\t\t\t\t\t\t\t\t<\/label>\n\t\t\t\t\t\t\t\t<\/div>\n\t\t\t\t\t\t\t<\/div>\n\t\t\t\t\t\t\t<div class=\"pageParentForm__formRow\">\n\t\t\t\t\t\t\t\t<div class=\"pageParentForm__formField\">\n\t\t\t\t\t\t\t\t\t<label for=\"\" class=\"pageParentForm__formLabel\">\n\t\t\t\t\t\t\t\t\t\t2. Cum ai adresat problema?\n\t\t\t\t\t\t\t\t\t\t<span class=\"wpcf7-form-control-wrap\" data-name=\"form-question-2\"><textarea cols=\"40\" rows=\"3\" maxlength=\"2000\" class=\"wpcf7-form-control wpcf7-textarea wpcf7-validates-as-required\" aria-required=\"true\" aria-invalid=\"false\" placeholder=\"R\u0103spunsul t\u0103u aici\" name=\"form-question-2\"><\/textarea><\/span>\n\t\t\t\t\t\t\t\t\t<\/label>\n\t\t\t\t\t\t\t\t<\/div>\n\t\t\t\t\t\t\t<\/div>\n\t\t\t\t\t\t\t<div class=\"pageParentForm__formRow\">\n\t\t\t\t\t\t\t\t<div class=\"pageParentForm__formField\">\n\t\t\t\t\t\t\t\t\t<label for=\"\" class=\"pageParentForm__formLabel\">\n\t\t\t\t\t\t\t\t\t\t3. Care a fost rezultatul?\n\t\t\t\t\t\t\t\t\t\t<span class=\"wpcf7-form-control-wrap\" data-name=\"form-question-3\"><textarea cols=\"40\" rows=\"3\" maxlength=\"2000\" class=\"wpcf7-form-control wpcf7-textarea wpcf7-validates-as-required\" aria-required=\"true\" aria-invalid=\"false\" placeholder=\"R\u0103spunsul t\u0103u aici\" name=\"form-question-3\"><\/textarea><\/span>\n\t\t\t\t\t\t\t\t\t<\/label>\n\t\t\t\t\t\t\t\t<\/div>\n\t\t\t\t\t\t\t<\/div>\n\t\t\t\t\t\t\t<div class=\"pageParentForm__formRow\">\n\t\t\t\t\t\t\t\t<div class=\"pageParentForm__formField\">\n\t\t\t\t\t\t\t\t\t<label for=\"\" class=\"pageParentForm__formLabel\">\n\t\t\t\t\t\t\t\t\t\t4. Te rug\u0103m, introdu adresa de email:\n\t\t\t\t\t\t\t\t\t\t<span class=\"wpcf7-form-control-wrap\" data-name=\"form-email\"><input size=\"40\" maxlength=\"400\" class=\"wpcf7-form-control wpcf7-email wpcf7-validates-as-required wpcf7-text wpcf7-validates-as-email\" aria-required=\"true\" aria-invalid=\"false\" placeholder=\"jankowalski@gmail.com\" value=\"\" type=\"email\" name=\"form-email\" \/><\/span>\n\t\t\t\t\t\t\t\t\t<\/label>\n\t\t\t\t\t\t\t\t<\/div>\n\t\t\t\t\t\t\t<\/div>\n\t\t\t\t\t\t\t<div class=\"pageParentForm__formRow\">\n\t\t\t\t\t\t\t\t<div class=\"pageParentForm__formField\">\n\t\t\t\t\t\t\t\t\t<label for=\"\" class=\"pageParentForm__formLabel\">\n\t\t\t\t\t\t\t\t\t\t5. Te rug\u0103m, las\u0103-ne numele t\u0103u:\n\t\t\t\t\t\t\t\t\t\t<span class=\"wpcf7-form-control-wrap\" data-name=\"form-name\"><input size=\"40\" maxlength=\"400\" class=\"wpcf7-form-control wpcf7-text wpcf7-validates-as-required\" aria-required=\"true\" aria-invalid=\"false\" placeholder=\"Jan Kowalski\" value=\"\" type=\"text\" name=\"form-name\" \/><\/span>\n\t\t\t\t\t\t\t\t\t<\/label>\n\t\t\t\t\t\t\t\t<\/div>\n\t\t\t\t\t\t\t<\/div>\n\t\t\t\t\t\t\t\n\t\t\t\t\t\t\t<div class=\"pageParentForm__formRow\">\n\t\t\t\t\t\t\t\t<div class=\"pageParentForm__formRodo\">\n\t\t\t\t\t\t\t\t\t<span class=\"wpcf7-form-control-wrap\" data-name=\"form-rodo\"><span class=\"wpcf7-form-control wpcf7-acceptance\"><span class=\"wpcf7-list-item\"><label><input type=\"checkbox\" name=\"form-rodo\" value=\"1\" aria-invalid=\"false\" \/><span class=\"wpcf7-list-item-label\">\u00cemi dau consim\u021b\u0103m\u00e2ntul pentru prelucrarea datelor personale \u0219i trimiterea electronic\u0103 de informa\u021bii comerciale la adresa de e-mail furnizat\u0103 de c\u0103tre Novakid, \u00een scopul primirii de informa\u021bii comerciale \u0219i de marketing.<\/span><\/label><\/span><\/span><\/span>\n\t\t\t\t\t\t\t\t<\/div>\n\t\t\t\t\t\t\t<\/div>\n<div class=\"pageParentForm__formRow\">\n\t\t\t\t\t\t\t\t<div class=\"pageParentForm__formCaptcha\">\n\t\t\t\t\t\t\t\t\t<span class=\"wpcf7-form-control-wrap recaptcha\" data-name=\"recaptcha\"><span data-sitekey=\"6Lfu_X8jAAAAABjPX6WiwSXwEDT8eh0KHL23lvAm\" class=\"wpcf7-form-control wpcf7-recaptcha g-recaptcha nk-recaptcha\"><\/span>\r\n<noscript>\r\n\t<div class=\"grecaptcha-noscript\">\r\n\t\t<iframe loading=\"lazy\" src=\"https:\/\/www.google.com\/recaptcha\/api\/fallback?k=6Lfu_X8jAAAAABjPX6WiwSXwEDT8eh0KHL23lvAm\" frameborder=\"0\" scrolling=\"no\" width=\"310\" height=\"430\">\r\n\t\t<\/iframe>\r\n\t\t<textarea name=\"g-recaptcha-response\" rows=\"3\" cols=\"40\" placeholder=\"reCaptcha Response Here\">\r\n\t\t<\/textarea>\r\n\t<\/div>\r\n<\/noscript>\r\n<\/span>\n\t\t\t\t\t\t\t\t<\/div>\n\t\t\t\t\t\t\t<\/div>\n\t\t\t\t\t\t\t<div class=\"pageParentForm__formRow\">\n\t\t\t\t\t\t\t\t<div class=\"pageParentForm__formActions\">\n\t\t\t\t\t\t\t\t\t<input class=\"wpcf7-form-control wpcf7-submit has-spinner\" type=\"submit\" value=\"Trimite\" \/>\n\t\t\t\t\t\t\t\t<\/div>\n\t\t\t\t\t\t\t<\/div>\n\t\t\t\t\t\t<\/div>\n\n<style>\n.wpcf7-response-output:empty {\n   display: none !important;\n}\n<\/style>\n<script>\n\ndocument.addEventListener('DOMContentLoaded', function() {\n    \n    const cf7Forms = document.querySelectorAll('.wpcf7-form');    \n    cf7Forms.forEach(form => {\n\n        const inputs = form.querySelectorAll('.wpcf7-validates-as-required');\n        \n        inputs.forEach(input => {\n            \/\/ \u0414\u043e\u0431\u0430\u0432\u043b\u044f\u0435\u043c \u0441\u043b\u0443\u0448\u0430\u0442\u0435\u043b\u044c \u0441\u043e\u0431\u044b\u0442\u0438\u044f input\n            input.addEventListener('input', function() {\n                \/\/ check is valid\n                const isValid = validateField(this);\n                \n                \/\/ find error container\n                const errorContainer = this.closest('.wpcf7-form-control-wrap');\n                \n                if (!isValid) {\n                    \/\/ show error\n                    \/\/showError(errorContainer, \"Please fill out this field.\");\n                } else {\n                    \/\/ remove error\n                    hideError(errorContainer);\n                }\n            });\n        });\n    });\n});\n\nfunction validateField(field) {\n    \/\/ basic validation\n    if (field.hasAttribute('required') && !field.value.trim()) {\n        return false;\n    }\n    \n    \/\/ email validation\n    if (field.type === 'email') {\n        const emailRegex = \/^[^\\s@]+@[^\\s@]+\\.[^\\s@]+$\/;\n        return emailRegex.test(field.value);\n    }    \n    \n    return true;\n}\n\nfunction checkErrorsAndHideResponse() {\n    let errorCount = 0;\n    const errorElements = document.querySelectorAll('.wpcf7-not-valid-tip');\n    const errorCaptcha = document.querySelectorAll('.recaptcha .wpcf7-not-valid-tip');\n    const responseOutput = document.querySelector('.wpcf7-form.invalid .wpcf7-response-output');\n    \n    \n    if (errorCaptcha.length > 0) errorCount = errorCaptcha.length;\n    if (errorElements.length === errorCount && responseOutput) {\n        responseOutput.innerHTML = \"\";\n    }\n}\n\nfunction hideError(container) {\n    const existingError = container.querySelector('.wpcf7-not-valid-tip');\n    if (existingError) {\n        existingError.remove();\n        checkErrorsAndHideResponse();\n    }\n}\n<\/script><div class=\"wpcf7-response-output\" aria-hidden=\"true\"><\/div>\n<\/form>\n<\/div>\n\t\t\t\t\t<\/div>\n\t\t\t\t<\/div>\n\t\t\t\t<div class=\"pageParentForm__image\">\n\t\t\t\t\t<img decoding=\"async\" src=\"https:\/\/www.novakidschool.com\/ro\/blog\/wp-content\/uploads\/2024\/02\/novakid-parent-with-phone.png\" alt=\"\" class=\"pageParentForm__imageItem\">\n\t\t\t\t<\/div>\n\t\t\t<\/div>\n\t\t<\/div>\n\t<\/section>\n","protected":false},"excerpt":{"rendered":"","protected":false},"author":1,"featured_media":0,"parent":0,"menu_order":0,"comment_status":"closed","ping_status":"closed","template":"","meta":{"_acf_changed":false,"inline_featured_image":false,"footnotes":""},"class_list":["post-2784","page","type-page","status-publish","hentry"],"acf":[],"yoast_head":"<!-- This site is optimized with the Yoast SEO plugin v27.3 - https:\/\/yoast.com\/product\/yoast-seo-wordpress\/ -->\n<title>E\u0219ti p\u0103rinte \u0219i vrei s\u0103 \u00eemp\u0103rt\u0103\u0219e\u0219ti experien\u021ba ta? - Novakid Blog<\/title>\n<meta name=\"robots\" content=\"index, follow, max-snippet:-1, max-image-preview:large, max-video-preview:-1\" \/>\n<link rel=\"canonical\" href=\"https:\/\/www.novakidschool.com\/ro\/blog\/parent-form\/\" \/>\n<meta property=\"og:locale\" content=\"ro_RO\" \/>\n<meta property=\"og:type\" content=\"article\" \/>\n<meta property=\"og:title\" content=\"E\u0219ti p\u0103rinte \u0219i vrei s\u0103 \u00eemp\u0103rt\u0103\u0219e\u0219ti experien\u021ba ta? - Novakid Blog\" \/>\n<meta property=\"og:url\" content=\"https:\/\/www.novakidschool.com\/ro\/blog\/parent-form\/\" \/>\n<meta property=\"og:site_name\" content=\"Novakid Blog\" \/>\n<meta property=\"article:modified_time\" content=\"2024-02-08T13:56:03+00:00\" \/>\n<meta name=\"twitter:card\" content=\"summary_large_image\" \/>\n<!-- \/ Yoast SEO plugin. -->","yoast_head_json":{"title":"E\u0219ti p\u0103rinte \u0219i vrei s\u0103 \u00eemp\u0103rt\u0103\u0219e\u0219ti experien\u021ba ta? - Novakid Blog","robots":{"index":"index","follow":"follow","max-snippet":"max-snippet:-1","max-image-preview":"max-image-preview:large","max-video-preview":"max-video-preview:-1"},"canonical":"https:\/\/www.novakidschool.com\/ro\/blog\/parent-form\/","og_locale":"ro_RO","og_type":"article","og_title":"E\u0219ti p\u0103rinte \u0219i vrei s\u0103 \u00eemp\u0103rt\u0103\u0219e\u0219ti experien\u021ba ta? - Novakid Blog","og_url":"https:\/\/www.novakidschool.com\/ro\/blog\/parent-form\/","og_site_name":"Novakid Blog","article_modified_time":"2024-02-08T13:56:03+00:00","twitter_card":"summary_large_image","schema":{"@context":"https:\/\/schema.org","@graph":[{"@type":"WebPage","@id":"https:\/\/www.novakidschool.com\/ro\/blog\/parent-form\/","url":"https:\/\/www.novakidschool.com\/ro\/blog\/parent-form\/","name":"E\u0219ti p\u0103rinte \u0219i vrei s\u0103 \u00eemp\u0103rt\u0103\u0219e\u0219ti experien\u021ba ta? - Novakid Blog","isPartOf":{"@id":"https:\/\/www.novakidschool.com\/ro\/blog\/#website"},"datePublished":"2024-02-08T13:55:43+00:00","dateModified":"2024-02-08T13:56:03+00:00","breadcrumb":{"@id":"https:\/\/www.novakidschool.com\/ro\/blog\/parent-form\/#breadcrumb"},"inLanguage":"ro-RO","potentialAction":[{"@type":"ReadAction","target":["https:\/\/www.novakidschool.com\/ro\/blog\/parent-form\/"]}]},{"@type":"BreadcrumbList","@id":"https:\/\/www.novakidschool.com\/ro\/blog\/parent-form\/#breadcrumb","itemListElement":[{"@type":"ListItem","position":1,"name":"Home","item":"https:\/\/www.novakidschool.com\/ro\/blog\/"},{"@type":"ListItem","position":2,"name":"E\u0219ti p\u0103rinte \u0219i vrei s\u0103 \u00eemp\u0103rt\u0103\u0219e\u0219ti experien\u021ba ta?"}]},{"@type":"WebSite","@id":"https:\/\/www.novakidschool.com\/ro\/blog\/#website","url":"https:\/\/www.novakidschool.com\/ro\/blog\/","name":"Novakid Blog","description":"Novakid Blog Romania","publisher":{"@id":"https:\/\/www.novakidschool.com\/ro\/blog\/#organization"},"potentialAction":[{"@type":"SearchAction","target":{"@type":"EntryPoint","urlTemplate":"https:\/\/www.novakidschool.com\/ro\/blog\/?s={search_term_string}"},"query-input":{"@type":"PropertyValueSpecification","valueRequired":true,"valueName":"search_term_string"}}],"inLanguage":"ro-RO"},{"@type":"Organization","@id":"https:\/\/www.novakidschool.com\/ro\/blog\/#organization","name":"Novakid","url":"https:\/\/www.novakidschool.com\/ro\/blog\/","logo":{"@type":"ImageObject","inLanguage":"ro-RO","@id":"https:\/\/www.novakidschool.com\/ro\/blog\/#\/schema\/logo\/image\/","url":"https:\/\/www.novakidschool.com\/ro\/blog\/wp-content\/uploads\/2022\/06\/logo-novakid.svg","contentUrl":"https:\/\/www.novakidschool.com\/ro\/blog\/wp-content\/uploads\/2022\/06\/logo-novakid.svg","width":268,"height":71,"caption":"Novakid"},"image":{"@id":"https:\/\/www.novakidschool.com\/ro\/blog\/#\/schema\/logo\/image\/"}}]}},"_links":{"self":[{"href":"https:\/\/www.novakidschool.com\/ro\/blog\/wp-json\/wp\/v2\/pages\/2784","targetHints":{"allow":["GET"]}}],"collection":[{"href":"https:\/\/www.novakidschool.com\/ro\/blog\/wp-json\/wp\/v2\/pages"}],"about":[{"href":"https:\/\/www.novakidschool.com\/ro\/blog\/wp-json\/wp\/v2\/types\/page"}],"author":[{"embeddable":true,"href":"https:\/\/www.novakidschool.com\/ro\/blog\/wp-json\/wp\/v2\/users\/1"}],"replies":[{"embeddable":true,"href":"https:\/\/www.novakidschool.com\/ro\/blog\/wp-json\/wp\/v2\/comments?post=2784"}],"version-history":[{"count":3,"href":"https:\/\/www.novakidschool.com\/ro\/blog\/wp-json\/wp\/v2\/pages\/2784\/revisions"}],"predecessor-version":[{"id":2787,"href":"https:\/\/www.novakidschool.com\/ro\/blog\/wp-json\/wp\/v2\/pages\/2784\/revisions\/2787"}],"wp:attachment":[{"href":"https:\/\/www.novakidschool.com\/ro\/blog\/wp-json\/wp\/v2\/media?parent=2784"}],"curies":[{"name":"wp","href":"https:\/\/api.w.org\/{rel}","templated":true}]}}