{"id":15448,"date":"2025-07-08T10:38:23","date_gmt":"2025-07-08T10:38:23","guid":{"rendered":"https:\/\/www.novakidschool.com\/pl\/blog\/?page_id=15448"},"modified":"2025-09-22T06:29:22","modified_gmt":"2025-09-22T06:29:22","slug":"authors","status":"publish","type":"page","link":"https:\/\/www.novakidschool.com\/pl\/blog\/authors\/","title":{"rendered":"Nasi autorzy"},"content":{"rendered":"","protected":false},"excerpt":{"rendered":"","protected":false},"author":20,"featured_media":0,"parent":0,"menu_order":0,"comment_status":"closed","ping_status":"closed","template":"","meta":{"_acf_changed":false,"inline_featured_image":false,"footnotes":""},"class_list":["post-15448","page","type-page","status-publish","hentry"],"acf":[],"yoast_head":"<!-- This site is optimized with the Yoast SEO plugin v27.3 - https:\/\/yoast.com\/product\/yoast-seo-wordpress\/ -->\n<title>Nasi do\u015bwiadczeni autorzy | Blog Novakid po\u015bwi\u0119cony nauce j\u0119zyka angielskiego<\/title>\n<meta name=\"description\" content=\"Profile autor\u00f3w zawieraj\u0105ce notki biograficzne, listy najcz\u0119\u015bciej poruszanych temat\u00f3w oraz najnowsze artyku\u0142y: to wszystko pomo\u017ce Ci zweryfikowa\u0107 kompetencje naszych tw\u00f3rc\u00f3w oraz znale\u017a\u0107 godne zaufania materia\u0142y do nauki j\u0119zyka angielskiego.\" \/>\n<meta name=\"robots\" content=\"index, follow, max-snippet:-1, max-image-preview:large, max-video-preview:-1\" \/>\n<link rel=\"canonical\" href=\"https:\/\/www.novakidschool.com\/pl\/blog\/authors\/\" \/>\n<meta property=\"og:locale\" content=\"pl_PL\" \/>\n<meta property=\"og:type\" content=\"article\" \/>\n<meta property=\"og:title\" content=\"Nasi do\u015bwiadczeni autorzy | Blog Novakid po\u015bwi\u0119cony nauce j\u0119zyka angielskiego\" \/>\n<meta property=\"og:description\" content=\"Profile autor\u00f3w zawieraj\u0105ce notki biograficzne, listy najcz\u0119\u015bciej poruszanych temat\u00f3w oraz najnowsze artyku\u0142y: to wszystko pomo\u017ce Ci zweryfikowa\u0107 kompetencje naszych tw\u00f3rc\u00f3w oraz znale\u017a\u0107 godne zaufania materia\u0142y do nauki j\u0119zyka angielskiego.\" \/>\n<meta property=\"og:url\" content=\"https:\/\/www.novakidschool.com\/pl\/blog\/authors\/\" \/>\n<meta property=\"og:site_name\" content=\"Novakid\" \/>\n<meta property=\"article:modified_time\" content=\"2025-09-22T06:29:22+00:00\" \/>\n<meta name=\"twitter:card\" content=\"summary_large_image\" \/>\n<!-- \/ Yoast SEO plugin. -->","yoast_head_json":{"title":"Nasi do\u015bwiadczeni autorzy | Blog Novakid po\u015bwi\u0119cony nauce j\u0119zyka angielskiego","description":"Profile autor\u00f3w zawieraj\u0105ce notki biograficzne, listy najcz\u0119\u015bciej poruszanych temat\u00f3w oraz najnowsze artyku\u0142y: to wszystko pomo\u017ce Ci zweryfikowa\u0107 kompetencje naszych tw\u00f3rc\u00f3w oraz znale\u017a\u0107 godne zaufania materia\u0142y do nauki j\u0119zyka angielskiego.","robots":{"index":"index","follow":"follow","max-snippet":"max-snippet:-1","max-image-preview":"max-image-preview:large","max-video-preview":"max-video-preview:-1"},"canonical":"https:\/\/www.novakidschool.com\/pl\/blog\/authors\/","og_locale":"pl_PL","og_type":"article","og_title":"Nasi do\u015bwiadczeni autorzy | Blog Novakid po\u015bwi\u0119cony nauce j\u0119zyka angielskiego","og_description":"Profile autor\u00f3w zawieraj\u0105ce notki biograficzne, listy najcz\u0119\u015bciej poruszanych temat\u00f3w oraz najnowsze artyku\u0142y: to wszystko pomo\u017ce Ci zweryfikowa\u0107 kompetencje naszych tw\u00f3rc\u00f3w oraz znale\u017a\u0107 godne zaufania materia\u0142y do nauki j\u0119zyka angielskiego.","og_url":"https:\/\/www.novakidschool.com\/pl\/blog\/authors\/","og_site_name":"Novakid","article_modified_time":"2025-09-22T06:29:22+00:00","twitter_card":"summary_large_image","schema":{"@context":"https:\/\/schema.org","@graph":[{"@type":"WebPage","@id":"https:\/\/www.novakidschool.com\/pl\/blog\/authors\/","url":"https:\/\/www.novakidschool.com\/pl\/blog\/authors\/","name":"Nasi do\u015bwiadczeni autorzy | Blog Novakid po\u015bwi\u0119cony nauce j\u0119zyka angielskiego","isPartOf":{"@id":"https:\/\/www.novakidschool.com\/pl\/blog\/#website"},"datePublished":"2025-07-08T10:38:23+00:00","dateModified":"2025-09-22T06:29:22+00:00","description":"Profile autor\u00f3w zawieraj\u0105ce notki biograficzne, listy najcz\u0119\u015bciej poruszanych temat\u00f3w oraz najnowsze artyku\u0142y: to wszystko pomo\u017ce Ci zweryfikowa\u0107 kompetencje naszych tw\u00f3rc\u00f3w oraz znale\u017a\u0107 godne zaufania materia\u0142y do nauki j\u0119zyka angielskiego.","breadcrumb":{"@id":"https:\/\/www.novakidschool.com\/pl\/blog\/authors\/#breadcrumb"},"inLanguage":"pl-PL","potentialAction":[{"@type":"ReadAction","target":["https:\/\/www.novakidschool.com\/pl\/blog\/authors\/"]}]},{"@type":"BreadcrumbList","@id":"https:\/\/www.novakidschool.com\/pl\/blog\/authors\/#breadcrumb","itemListElement":[{"@type":"ListItem","position":1,"name":"Home","item":"https:\/\/www.novakid.pl\/blog\/"},{"@type":"ListItem","position":2,"name":"Nasi autorzy"}]},{"@type":"WebSite","@id":"https:\/\/www.novakidschool.com\/pl\/blog\/#website","url":"https:\/\/www.novakidschool.com\/pl\/blog\/","name":"Novakid","description":"Novakid blog","publisher":{"@id":"https:\/\/www.novakidschool.com\/pl\/blog\/#organization"},"potentialAction":[{"@type":"SearchAction","target":{"@type":"EntryPoint","urlTemplate":"https:\/\/www.novakidschool.com\/pl\/blog\/?s={search_term_string}"},"query-input":{"@type":"PropertyValueSpecification","valueRequired":true,"valueName":"search_term_string"}}],"inLanguage":"pl-PL"},{"@type":"Organization","@id":"https:\/\/www.novakidschool.com\/pl\/blog\/#organization","name":"Novakid","url":"https:\/\/www.novakidschool.com\/pl\/blog\/","logo":{"@type":"ImageObject","inLanguage":"pl-PL","@id":"https:\/\/www.novakidschool.com\/pl\/blog\/#\/schema\/logo\/image\/","url":"https:\/\/www.novakidschool.com\/pl\/blog\/wp-content\/uploads\/2022\/03\/logo-novakid.svg","contentUrl":"https:\/\/www.novakidschool.com\/pl\/blog\/wp-content\/uploads\/2022\/03\/logo-novakid.svg","width":268,"height":71,"caption":"Novakid"},"image":{"@id":"https:\/\/www.novakidschool.com\/pl\/blog\/#\/schema\/logo\/image\/"}}]}},"_links":{"self":[{"href":"https:\/\/www.novakidschool.com\/pl\/blog\/wp-json\/wp\/v2\/pages\/15448","targetHints":{"allow":["GET"]}}],"collection":[{"href":"https:\/\/www.novakidschool.com\/pl\/blog\/wp-json\/wp\/v2\/pages"}],"about":[{"href":"https:\/\/www.novakidschool.com\/pl\/blog\/wp-json\/wp\/v2\/types\/page"}],"author":[{"embeddable":true,"href":"https:\/\/www.novakidschool.com\/pl\/blog\/wp-json\/wp\/v2\/users\/20"}],"replies":[{"embeddable":true,"href":"https:\/\/www.novakidschool.com\/pl\/blog\/wp-json\/wp\/v2\/comments?post=15448"}],"version-history":[{"count":1,"href":"https:\/\/www.novakidschool.com\/pl\/blog\/wp-json\/wp\/v2\/pages\/15448\/revisions"}],"predecessor-version":[{"id":15449,"href":"https:\/\/www.novakidschool.com\/pl\/blog\/wp-json\/wp\/v2\/pages\/15448\/revisions\/15449"}],"wp:attachment":[{"href":"https:\/\/www.novakidschool.com\/pl\/blog\/wp-json\/wp\/v2\/media?parent=15448"}],"curies":[{"name":"wp","href":"https:\/\/api.w.org\/{rel}","templated":true}]}}