{"id":6378,"date":"2025-09-10T07:59:52","date_gmt":"2025-09-10T06:59:52","guid":{"rendered":"https:\/\/www.novakidschool.com\/es\/blog\/?page_id=6378"},"modified":"2025-09-22T07:52:59","modified_gmt":"2025-09-22T06:52:59","slug":"grammar-guide","status":"publish","type":"page","link":"https:\/\/www.novakidschool.com\/es\/blog\/grammar-guide\/","title":{"rendered":"Grammar guide"},"content":{"rendered":"","protected":false},"excerpt":{"rendered":"","protected":false},"author":1,"featured_media":0,"parent":0,"menu_order":0,"comment_status":"closed","ping_status":"closed","template":"grammar.php","meta":{"_acf_changed":false,"inline_featured_image":false,"footnotes":""},"class_list":["post-6378","page","type-page","status-publish","hentry"],"acf":[],"yoast_head":"<!-- This site is optimized with the Yoast SEO plugin v27.3 - https:\/\/yoast.com\/product\/yoast-seo-wordpress\/ -->\n<title>Gu\u00eda de Gram\u00e1tica Inglesa Para Ni\u00f1os y Adolescentes \u2013 Novakid School<\/title>\n<meta name=\"description\" content=\"Gram\u00e1tica en ingl\u00e9s para ni\u00f1os: aprende los tiempos verbales, las preposiciones y los conceptos b\u00e1sicos con consejos paso a paso, ejemplos y cuestionarios breves. Interesante para alumnos y padres.\" \/>\n<meta name=\"robots\" content=\"index, follow, max-snippet:-1, max-image-preview:large, max-video-preview:-1\" \/>\n<link rel=\"canonical\" href=\"https:\/\/www.novakidschool.com\/es\/blog\/grammar-guide\/\" \/>\n<meta property=\"og:locale\" content=\"es_ES\" \/>\n<meta property=\"og:type\" content=\"article\" \/>\n<meta property=\"og:title\" content=\"Gu\u00eda de Gram\u00e1tica Inglesa Para Ni\u00f1os y Adolescentes \u2013 Novakid School\" \/>\n<meta property=\"og:description\" content=\"Gram\u00e1tica en ingl\u00e9s para ni\u00f1os: aprende los tiempos verbales, las preposiciones y los conceptos b\u00e1sicos con consejos paso a paso, ejemplos y cuestionarios breves. Interesante para alumnos y padres.\" \/>\n<meta property=\"og:url\" content=\"https:\/\/www.novakidschool.com\/es\/blog\/grammar-guide\/\" \/>\n<meta property=\"og:site_name\" content=\"Novakid\" \/>\n<meta property=\"article:modified_time\" content=\"2025-09-22T06:52:59+00:00\" \/>\n<meta name=\"twitter:card\" content=\"summary_large_image\" \/>\n<!-- \/ Yoast SEO plugin. -->","yoast_head_json":{"title":"Gu\u00eda de Gram\u00e1tica Inglesa Para Ni\u00f1os y Adolescentes \u2013 Novakid School","description":"Gram\u00e1tica en ingl\u00e9s para ni\u00f1os: aprende los tiempos verbales, las preposiciones y los conceptos b\u00e1sicos con consejos paso a paso, ejemplos y cuestionarios breves. Interesante para alumnos y padres.","robots":{"index":"index","follow":"follow","max-snippet":"max-snippet:-1","max-image-preview":"max-image-preview:large","max-video-preview":"max-video-preview:-1"},"canonical":"https:\/\/www.novakidschool.com\/es\/blog\/grammar-guide\/","og_locale":"es_ES","og_type":"article","og_title":"Gu\u00eda de Gram\u00e1tica Inglesa Para Ni\u00f1os y Adolescentes \u2013 Novakid School","og_description":"Gram\u00e1tica en ingl\u00e9s para ni\u00f1os: aprende los tiempos verbales, las preposiciones y los conceptos b\u00e1sicos con consejos paso a paso, ejemplos y cuestionarios breves. Interesante para alumnos y padres.","og_url":"https:\/\/www.novakidschool.com\/es\/blog\/grammar-guide\/","og_site_name":"Novakid","article_modified_time":"2025-09-22T06:52:59+00:00","twitter_card":"summary_large_image","schema":{"@context":"https:\/\/schema.org","@graph":[{"@type":"WebPage","@id":"https:\/\/www.novakidschool.com\/es\/blog\/grammar-guide\/","url":"https:\/\/www.novakidschool.com\/es\/blog\/grammar-guide\/","name":"Gu\u00eda de Gram\u00e1tica Inglesa Para Ni\u00f1os y Adolescentes \u2013 Novakid School","isPartOf":{"@id":"https:\/\/www.novakidschool.com\/es\/blog\/#website"},"datePublished":"2025-09-10T06:59:52+00:00","dateModified":"2025-09-22T06:52:59+00:00","description":"Gram\u00e1tica en ingl\u00e9s para ni\u00f1os: aprende los tiempos verbales, las preposiciones y los conceptos b\u00e1sicos con consejos paso a paso, ejemplos y cuestionarios breves. Interesante para alumnos y padres.","breadcrumb":{"@id":"https:\/\/www.novakidschool.com\/es\/blog\/grammar-guide\/#breadcrumb"},"inLanguage":"es","potentialAction":[{"@type":"ReadAction","target":["https:\/\/www.novakidschool.com\/es\/blog\/grammar-guide\/"]}]},{"@type":"BreadcrumbList","@id":"https:\/\/www.novakidschool.com\/es\/blog\/grammar-guide\/#breadcrumb","itemListElement":[{"@type":"ListItem","position":1,"name":"Home","item":"https:\/\/www.novakidschool.com\/es\/blog\/"},{"@type":"ListItem","position":2,"name":"Grammar guide"}]},{"@type":"WebSite","@id":"https:\/\/www.novakidschool.com\/es\/blog\/#website","url":"https:\/\/www.novakidschool.com\/es\/blog\/","name":"Novakid","description":"Novakid blog Spain","publisher":{"@id":"https:\/\/www.novakidschool.com\/es\/blog\/#organization"},"potentialAction":[{"@type":"SearchAction","target":{"@type":"EntryPoint","urlTemplate":"https:\/\/www.novakidschool.com\/es\/blog\/?s={search_term_string}"},"query-input":{"@type":"PropertyValueSpecification","valueRequired":true,"valueName":"search_term_string"}}],"inLanguage":"es"},{"@type":"Organization","@id":"https:\/\/www.novakidschool.com\/es\/blog\/#organization","name":"Novakid","url":"https:\/\/www.novakidschool.com\/es\/blog\/","logo":{"@type":"ImageObject","inLanguage":"es","@id":"https:\/\/www.novakidschool.com\/es\/blog\/#\/schema\/logo\/image\/","url":"https:\/\/www.novakidschool.com\/es\/blog\/wp-content\/uploads\/2022\/03\/logo-novakid.svg","contentUrl":"https:\/\/www.novakidschool.com\/es\/blog\/wp-content\/uploads\/2022\/03\/logo-novakid.svg","width":268,"height":71,"caption":"Novakid"},"image":{"@id":"https:\/\/www.novakidschool.com\/es\/blog\/#\/schema\/logo\/image\/"}}]}},"_links":{"self":[{"href":"https:\/\/www.novakidschool.com\/es\/blog\/wp-json\/wp\/v2\/pages\/6378","targetHints":{"allow":["GET"]}}],"collection":[{"href":"https:\/\/www.novakidschool.com\/es\/blog\/wp-json\/wp\/v2\/pages"}],"about":[{"href":"https:\/\/www.novakidschool.com\/es\/blog\/wp-json\/wp\/v2\/types\/page"}],"author":[{"embeddable":true,"href":"https:\/\/www.novakidschool.com\/es\/blog\/wp-json\/wp\/v2\/users\/1"}],"replies":[{"embeddable":true,"href":"https:\/\/www.novakidschool.com\/es\/blog\/wp-json\/wp\/v2\/comments?post=6378"}],"version-history":[{"count":2,"href":"https:\/\/www.novakidschool.com\/es\/blog\/wp-json\/wp\/v2\/pages\/6378\/revisions"}],"predecessor-version":[{"id":6385,"href":"https:\/\/www.novakidschool.com\/es\/blog\/wp-json\/wp\/v2\/pages\/6378\/revisions\/6385"}],"wp:attachment":[{"href":"https:\/\/www.novakidschool.com\/es\/blog\/wp-json\/wp\/v2\/media?parent=6378"}],"curies":[{"name":"wp","href":"https:\/\/api.w.org\/{rel}","templated":true}]}}