{"id":2980,"date":"2025-12-03T21:38:01","date_gmt":"2025-12-03T20:38:01","guid":{"rendered":"https:\/\/www.novakidschool.com\/de\/blog\/?page_id=2980"},"modified":"2025-12-03T21:38:01","modified_gmt":"2025-12-03T20:38:01","slug":"authors","status":"publish","type":"page","link":"https:\/\/www.novakidschool.com\/de\/blog\/authors\/","title":{"rendered":"Unsere Autoren"},"content":{"rendered":"","protected":false},"excerpt":{"rendered":"","protected":false},"author":1,"featured_media":0,"parent":0,"menu_order":0,"comment_status":"closed","ping_status":"closed","template":"","meta":{"_acf_changed":false,"inline_featured_image":false,"footnotes":""},"class_list":["post-2980","page","type-page","status-publish","hentry"],"acf":[],"yoast_head":"<!-- This site is optimized with the Yoast SEO plugin v27.3 - https:\/\/yoast.com\/product\/yoast-seo-wordpress\/ -->\n<title>Unsere erfahrenen Autoren | Der Novakid Blog zum Englischlernen<\/title>\n<meta name=\"description\" content=\"Autorenprofile mit Kurzbiografien, \u00dcbersichten \u00fcber ihre h\u00e4ufigsten Themen und ihre neuesten Artikel \u2013 all das hilft dir, die Kompetenz unserer Autor:innen einzusch\u00e4tzen und vertrauensw\u00fcrdige Materialien zum Englischlernen zu finden.\" \/>\n<meta name=\"robots\" content=\"index, follow, max-snippet:-1, max-image-preview:large, max-video-preview:-1\" \/>\n<link rel=\"canonical\" href=\"https:\/\/www.novakidschool.com\/de\/blog\/authors\/\" \/>\n<meta property=\"og:locale\" content=\"de_DE\" \/>\n<meta property=\"og:type\" content=\"article\" \/>\n<meta property=\"og:title\" content=\"Unsere erfahrenen Autoren | Der Novakid Blog zum Englischlernen\" \/>\n<meta property=\"og:description\" content=\"Autorenprofile mit Kurzbiografien, \u00dcbersichten \u00fcber ihre h\u00e4ufigsten Themen und ihre neuesten Artikel \u2013 all das hilft dir, die Kompetenz unserer Autor:innen einzusch\u00e4tzen und vertrauensw\u00fcrdige Materialien zum Englischlernen zu finden.\" \/>\n<meta property=\"og:url\" content=\"https:\/\/www.novakidschool.com\/de\/blog\/authors\/\" \/>\n<meta property=\"og:site_name\" content=\"Novakid Blog\" \/>\n<meta name=\"twitter:card\" content=\"summary_large_image\" \/>\n<!-- \/ Yoast SEO plugin. -->","yoast_head_json":{"title":"Unsere erfahrenen Autoren | Der Novakid Blog zum Englischlernen","description":"Autorenprofile mit Kurzbiografien, \u00dcbersichten \u00fcber ihre h\u00e4ufigsten Themen und ihre neuesten Artikel \u2013 all das hilft dir, die Kompetenz unserer Autor:innen einzusch\u00e4tzen und vertrauensw\u00fcrdige Materialien zum Englischlernen zu finden.","robots":{"index":"index","follow":"follow","max-snippet":"max-snippet:-1","max-image-preview":"max-image-preview:large","max-video-preview":"max-video-preview:-1"},"canonical":"https:\/\/www.novakidschool.com\/de\/blog\/authors\/","og_locale":"de_DE","og_type":"article","og_title":"Unsere erfahrenen Autoren | Der Novakid Blog zum Englischlernen","og_description":"Autorenprofile mit Kurzbiografien, \u00dcbersichten \u00fcber ihre h\u00e4ufigsten Themen und ihre neuesten Artikel \u2013 all das hilft dir, die Kompetenz unserer Autor:innen einzusch\u00e4tzen und vertrauensw\u00fcrdige Materialien zum Englischlernen zu finden.","og_url":"https:\/\/www.novakidschool.com\/de\/blog\/authors\/","og_site_name":"Novakid Blog","twitter_card":"summary_large_image","schema":{"@context":"https:\/\/schema.org","@graph":[{"@type":"WebPage","@id":"https:\/\/www.novakidschool.com\/de\/blog\/authors\/","url":"https:\/\/www.novakidschool.com\/de\/blog\/authors\/","name":"Unsere erfahrenen Autoren | Der Novakid Blog zum Englischlernen","isPartOf":{"@id":"https:\/\/www.novakidschool.com\/de\/blog\/#website"},"datePublished":"2025-12-03T20:38:01+00:00","description":"Autorenprofile mit Kurzbiografien, \u00dcbersichten \u00fcber ihre h\u00e4ufigsten Themen und ihre neuesten Artikel \u2013 all das hilft dir, die Kompetenz unserer Autor:innen einzusch\u00e4tzen und vertrauensw\u00fcrdige Materialien zum Englischlernen zu finden.","breadcrumb":{"@id":"https:\/\/www.novakidschool.com\/de\/blog\/authors\/#breadcrumb"},"inLanguage":"de","potentialAction":[{"@type":"ReadAction","target":["https:\/\/www.novakidschool.com\/de\/blog\/authors\/"]}]},{"@type":"BreadcrumbList","@id":"https:\/\/www.novakidschool.com\/de\/blog\/authors\/#breadcrumb","itemListElement":[{"@type":"ListItem","position":1,"name":"Home","item":"https:\/\/www.novakidschool.com\/de\/blog\/"},{"@type":"ListItem","position":2,"name":"Unsere Autoren"}]},{"@type":"WebSite","@id":"https:\/\/www.novakidschool.com\/de\/blog\/#website","url":"https:\/\/www.novakidschool.com\/de\/blog\/","name":"Novakid Blog","description":"Novakid Blog Germany","publisher":{"@id":"https:\/\/www.novakidschool.com\/de\/blog\/#organization"},"potentialAction":[{"@type":"SearchAction","target":{"@type":"EntryPoint","urlTemplate":"https:\/\/www.novakidschool.com\/de\/blog\/?s={search_term_string}"},"query-input":{"@type":"PropertyValueSpecification","valueRequired":true,"valueName":"search_term_string"}}],"inLanguage":"de"},{"@type":"Organization","@id":"https:\/\/www.novakidschool.com\/de\/blog\/#organization","name":"Novakid","url":"https:\/\/www.novakidschool.com\/de\/blog\/","logo":{"@type":"ImageObject","inLanguage":"de","@id":"https:\/\/www.novakidschool.com\/de\/blog\/#\/schema\/logo\/image\/","url":"https:\/\/www.novakidschool.com\/de\/blog\/wp-content\/uploads\/2022\/06\/logo-novakid.svg","contentUrl":"https:\/\/www.novakidschool.com\/de\/blog\/wp-content\/uploads\/2022\/06\/logo-novakid.svg","width":268,"height":71,"caption":"Novakid"},"image":{"@id":"https:\/\/www.novakidschool.com\/de\/blog\/#\/schema\/logo\/image\/"}}]}},"_links":{"self":[{"href":"https:\/\/www.novakidschool.com\/de\/blog\/wp-json\/wp\/v2\/pages\/2980","targetHints":{"allow":["GET"]}}],"collection":[{"href":"https:\/\/www.novakidschool.com\/de\/blog\/wp-json\/wp\/v2\/pages"}],"about":[{"href":"https:\/\/www.novakidschool.com\/de\/blog\/wp-json\/wp\/v2\/types\/page"}],"author":[{"embeddable":true,"href":"https:\/\/www.novakidschool.com\/de\/blog\/wp-json\/wp\/v2\/users\/1"}],"replies":[{"embeddable":true,"href":"https:\/\/www.novakidschool.com\/de\/blog\/wp-json\/wp\/v2\/comments?post=2980"}],"version-history":[{"count":1,"href":"https:\/\/www.novakidschool.com\/de\/blog\/wp-json\/wp\/v2\/pages\/2980\/revisions"}],"predecessor-version":[{"id":2981,"href":"https:\/\/www.novakidschool.com\/de\/blog\/wp-json\/wp\/v2\/pages\/2980\/revisions\/2981"}],"wp:attachment":[{"href":"https:\/\/www.novakidschool.com\/de\/blog\/wp-json\/wp\/v2\/media?parent=2980"}],"curies":[{"name":"wp","href":"https:\/\/api.w.org\/{rel}","templated":true}]}}